
{"id":36461,"date":"2021-09-27T16:24:29","date_gmt":"2021-09-27T14:24:29","guid":{"rendered":"https:\/\/animap.ch\/?page_id=36461"},"modified":"2021-09-30T08:22:32","modified_gmt":"2021-09-30T06:22:32","slug":"statement","status":"publish","type":"page","link":"https:\/\/animap.ch\/fr\/statement\/","title":{"rendered":"Statement"},"content":{"rendered":"<p>Vielen Dank, dass du die Meldung deines Eintrags kommentieren m\u00f6chtest.<br \/>\nBitte nutze daf\u00fcr das folgende Formluar. Nach Pr\u00fcfung Deiner Argumentation entscheiden wir abschliessend, ob dein Eintrag f\u00fcr ANIMAP noch passend ist. Wir machen darauf aufmerksam, dass wir keine weiterf\u00fchrende Korrespondenz anbieten und bedanken uns f\u00fcr dein Verst\u00e4ndnis.<br \/>\n[statement_formular]<\/p>\n","protected":false},"excerpt":{"rendered":"<p>Vielen Dank, dass du die Meldung deines Eintrags kommentieren m\u00f6chtest. Bitte nutze daf\u00fcr das folgende Formluar. Nach Pr\u00fcfung Deiner Argumentation entscheiden wir abschliessend, ob dein Eintrag f\u00fcr ANIMAP noch passend ist. Wir machen darauf aufmerksam, dass wir keine weiterf\u00fchrende Korrespondenz anbieten und bedanken uns f\u00fcr dein Verst\u00e4ndnis. [statement_formular]<\/p>\n","protected":false},"author":1,"featured_media":0,"parent":0,"menu_order":0,"comment_status":"closed","ping_status":"closed","template":"","meta":{"_genesis_hide_title":false,"_genesis_hide_breadcrumbs":false,"_genesis_hide_singular_image":false,"_genesis_hide_footer_widgets":false,"_genesis_custom_body_class":"","_genesis_custom_post_class":"","_genesis_layout":"","footnotes":""},"class_list":{"0":"post-36461","1":"page","2":"type-page","3":"status-publish","5":"entry"},"_links":{"self":[{"href":"https:\/\/animap.ch\/fr\/wp-json\/wp\/v2\/pages\/36461","targetHints":{"allow":["GET"]}}],"collection":[{"href":"https:\/\/animap.ch\/fr\/wp-json\/wp\/v2\/pages"}],"about":[{"href":"https:\/\/animap.ch\/fr\/wp-json\/wp\/v2\/types\/page"}],"author":[{"embeddable":true,"href":"https:\/\/animap.ch\/fr\/wp-json\/wp\/v2\/users\/1"}],"replies":[{"embeddable":true,"href":"https:\/\/animap.ch\/fr\/wp-json\/wp\/v2\/comments?post=36461"}],"version-history":[{"count":2,"href":"https:\/\/animap.ch\/fr\/wp-json\/wp\/v2\/pages\/36461\/revisions"}],"predecessor-version":[{"id":36831,"href":"https:\/\/animap.ch\/fr\/wp-json\/wp\/v2\/pages\/36461\/revisions\/36831"}],"wp:attachment":[{"href":"https:\/\/animap.ch\/fr\/wp-json\/wp\/v2\/media?parent=36461"}],"curies":[{"name":"wp","href":"https:\/\/api.w.org\/{rel}","templated":true}]}}