
{"id":4521,"date":"2021-04-03T22:15:59","date_gmt":"2021-04-03T20:15:59","guid":{"rendered":"https:\/\/animap.ch\/?page_id=4521"},"modified":"2024-02-04T17:54:30","modified_gmt":"2024-02-04T16:54:30","slug":"carte","status":"publish","type":"page","link":"https:\/\/animap.ch\/fr\/carte\/","title":{"rendered":"Carte"},"content":{"rendered":"<p><div class=\"leaflet-map WPLeafletMap\" style=\"height:650px; width:100%;\"><\/div><script>\nwindow.WPLeafletMapPlugin = window.WPLeafletMapPlugin || [];\nwindow.WPLeafletMapPlugin.push(function () {\/*<script>*\/\nvar baseUrl = 'https:\/\/{s}.tile.openstreetmap.org\/{z}\/{x}\/{y}.png';\nvar base = (!baseUrl && window.MQ) ? \n    window.MQ.mapLayer() : L.tileLayer(baseUrl, \n        L.Util.extend({}, {\n            detectRetina: 0,\n            minZoom: 0,\n            maxZoom: 20,\n        }, \n        {\"subdomains\":\"abc\",\"noWrap\":false}        )\n    );\nvar options = L.Util.extend({}, {\n        maxZoom: 20,\n        minZoom: 0,\n        layers: [base],\n        zoomControl: 0,\n        scrollWheelZoom: 1,\n        doubleClickZoom: 0,\n        attributionControl: false\n    }, \n    {\"touchZoom\":true,\"fitBounds\":false,\"attribution\":\"&copy; <a href=\\\"https:\\\/\\\/www.openstreetmap.org\\\/copyright\\\">OpenStreetMap<\\\/a> contributors\"}, \n    {});\nwindow.WPLeafletMapPlugin.createMap(options).setView([47.221267,8.1535369],9);});<\/script><script type=\"text\/javascript\" class=\"fullmap\" src=\"\/wp-content\/plugins\/animap-register\/map\/full.js\" ><\/script><!--version 89--><br \/><p><form class=\"search-form\" method=\"get\" action=\"https:\/\/animap.ch\/fr\/\" role=\"search\" itemprop=\"potentialAction\" itemscope itemtype=\"https:\/\/schema.org\/SearchAction\"><label class=\"search-form-label screen-reader-text\" for=\"searchform-1\">Rechercher dans ce site Web<\/label><input class=\"search-form-input\" type=\"search\" name=\"s\" id=\"searchform-1\" placeholder=\"Rechercher dans ce site Web\" itemprop=\"query-input\"><input class=\"search-form-submit\" type=\"submit\" value=\"Rechercher\"><meta content=\"https:\/\/animap.ch\/fr\/?s={s}\" itemprop=\"target\"><\/form><\/p><p><a href=\"https:\/\/animap.ch\/fr\/kategorie\/017-fr\/\" class=\"tag-cloud-link tag-link-202 tag-link-position-1\" style=\"font-size: 10.032258064516pt;\" aria-label=\"Animaux (2 \u00e9l\u00e9ments)\">Animaux<span class=\"tag-link-count\"> (2)<\/span><\/a>\n<a href=\"https:\/\/animap.ch\/fr\/kategorie\/011-fr\/\" class=\"tag-cloud-link tag-link-197 tag-link-position-2\" style=\"font-size: 14.209677419355pt;\" aria-label=\"Art et culture (6 \u00e9l\u00e9ments)\">Art et culture<span class=\"tag-link-count\"> (6)<\/span><\/a>\n<a href=\"https:\/\/animap.ch\/fr\/kategorie\/008-fr\/\" class=\"tag-cloud-link tag-link-194 tag-link-position-3\" style=\"font-size: 12.516129032258pt;\" aria-label=\"Artisanat (4 \u00e9l\u00e9ments)\">Artisanat<span class=\"tag-link-count\"> (4)<\/span><\/a>\n<a href=\"https:\/\/animap.ch\/fr\/kategorie\/019\/\" class=\"tag-cloud-link tag-link-156 tag-link-position-4\" style=\"font-size: 11.387096774194pt;\" aria-label=\"Autres (3 \u00e9l\u00e9ments)\">Autres<span class=\"tag-link-count\"> (3)<\/span><\/a>\n<a href=\"https:\/\/animap.ch\/fr\/kategorie\/007-fr\/\" class=\"tag-cloud-link tag-link-193 tag-link-position-5\" style=\"font-size: 15.903225806452pt;\" aria-label=\"Commerce (9 \u00e9l\u00e9ments)\">Commerce<span class=\"tag-link-count\"> (9)<\/span><\/a>\n<a href=\"https:\/\/animap.ch\/fr\/kategorie\/012-fr\/\" class=\"tag-cloud-link tag-link-198 tag-link-position-6\" style=\"font-size: 10.032258064516pt;\" aria-label=\"communication (2 \u00e9l\u00e9ments)\">communication<span class=\"tag-link-count\"> (2)<\/span><\/a>\n<a href=\"https:\/\/animap.ch\/fr\/kategorie\/005-fr\/\" class=\"tag-cloud-link tag-link-191 tag-link-position-7\" style=\"font-size: 14.209677419355pt;\" aria-label=\"Finance, assurance et droit (6 \u00e9l\u00e9ments)\">Finance, assurance et droit<span class=\"tag-link-count\"> (6)<\/span><\/a>\n<a href=\"https:\/\/animap.ch\/fr\/kategorie\/003-fr\/\" class=\"tag-cloud-link tag-link-189 tag-link-position-8\" style=\"font-size: 8pt;\" aria-label=\"Informatique et t\u00e9l\u00e9communications (1 \u00e9l\u00e9ment)\">Informatique et t\u00e9l\u00e9communications<span class=\"tag-link-count\"> (1)<\/span><\/a>\n<a href=\"https:\/\/animap.ch\/fr\/kategorie\/009-fr\/\" class=\"tag-cloud-link tag-link-195 tag-link-position-9\" style=\"font-size: 10.032258064516pt;\" aria-label=\"Maison, jardin et construction (2 \u00e9l\u00e9ments)\">Maison, jardin et construction<span class=\"tag-link-count\"> (2)<\/span><\/a>\n<a href=\"https:\/\/animap.ch\/fr\/kategorie\/001-fr\/medecine_alternative\/\" class=\"tag-cloud-link tag-link-242 tag-link-position-10\" style=\"font-size: 19.516129032258pt;\" aria-label=\"M\u00e9decine alternative (20 \u00e9l\u00e9ments)\">M\u00e9decine alternative<span class=\"tag-link-count\"> (20)<\/span><\/a>\n<a href=\"https:\/\/animap.ch\/fr\/kategorie\/001-fr\/\" class=\"tag-cloud-link tag-link-204 tag-link-position-11\" style=\"font-size: 22pt;\" aria-label=\"M\u00e9decins, m\u00e9decine et sant\u00e9 (34 \u00e9l\u00e9ments)\">M\u00e9decins, m\u00e9decine et sant\u00e9<span class=\"tag-link-count\"> (34)<\/span><\/a>\n<a href=\"https:\/\/animap.ch\/fr\/kategorie\/007-fr\/produits-alimentaires\/\" class=\"tag-cloud-link tag-link-248 tag-link-position-12\" style=\"font-size: 10.032258064516pt;\" aria-label=\"Produits alimentaires (2 \u00e9l\u00e9ments)\">Produits alimentaires<span class=\"tag-link-count\"> (2)<\/span><\/a>\n<a href=\"https:\/\/animap.ch\/fr\/kategorie\/016-fr\/\" class=\"tag-cloud-link tag-link-201 tag-link-position-13\" style=\"font-size: 13.41935483871pt;\" aria-label=\"Sports et loisirs (5 \u00e9l\u00e9ments)\">Sports et loisirs<span class=\"tag-link-count\"> (5)<\/span><\/a>\n<a href=\"https:\/\/animap.ch\/fr\/kategorie\/002-fr\/\" class=\"tag-cloud-link tag-link-188 tag-link-position-14\" style=\"font-size: 8pt;\" aria-label=\"Voiture, v\u00e9lo et transports (1 \u00e9l\u00e9ment)\">Voiture, v\u00e9lo et transports<span class=\"tag-link-count\"> (1)<\/span><\/a>\n<a href=\"https:\/\/animap.ch\/fr\/kategorie\/015-fr\/\" class=\"tag-cloud-link tag-link-200 tag-link-position-15\" style=\"font-size: 10.032258064516pt;\" aria-label=\"\u00c9cole et \u00e9ducation (2 \u00e9l\u00e9ments)\">\u00c9cole et \u00e9ducation<span class=\"tag-link-count\"> (2)<\/span><\/a>\n<a href=\"https:\/\/animap.ch\/fr\/kategorie\/001-fr\/esoterisme\/\" class=\"tag-cloud-link tag-link-241 tag-link-position-16\" style=\"font-size: 8pt;\" aria-label=\"\u00e9sot\u00e9risme (1 \u00e9l\u00e9ment)\">\u00e9sot\u00e9risme<span class=\"tag-link-count\"> (1)<\/span><\/a><\/p><\/p>\n","protected":false},"excerpt":{"rendered":"","protected":false},"author":1,"featured_media":0,"parent":0,"menu_order":0,"comment_status":"closed","ping_status":"closed","template":"page-templates\/no-sidebar-wide.php","meta":{"_genesis_hide_title":false,"_genesis_hide_breadcrumbs":false,"_genesis_hide_singular_image":false,"_genesis_hide_footer_widgets":false,"_genesis_custom_body_class":"","_genesis_custom_post_class":"","_genesis_layout":"","footnotes":""},"class_list":{"0":"post-4521","1":"page","2":"type-page","3":"status-publish","5":"entry"},"_links":{"self":[{"href":"https:\/\/animap.ch\/fr\/wp-json\/wp\/v2\/pages\/4521","targetHints":{"allow":["GET"]}}],"collection":[{"href":"https:\/\/animap.ch\/fr\/wp-json\/wp\/v2\/pages"}],"about":[{"href":"https:\/\/animap.ch\/fr\/wp-json\/wp\/v2\/types\/page"}],"author":[{"embeddable":true,"href":"https:\/\/animap.ch\/fr\/wp-json\/wp\/v2\/users\/1"}],"replies":[{"embeddable":true,"href":"https:\/\/animap.ch\/fr\/wp-json\/wp\/v2\/comments?post=4521"}],"version-history":[{"count":2,"href":"https:\/\/animap.ch\/fr\/wp-json\/wp\/v2\/pages\/4521\/revisions"}],"predecessor-version":[{"id":48082,"href":"https:\/\/animap.ch\/fr\/wp-json\/wp\/v2\/pages\/4521\/revisions\/48082"}],"wp:attachment":[{"href":"https:\/\/animap.ch\/fr\/wp-json\/wp\/v2\/media?parent=4521"}],"curies":[{"name":"wp","href":"https:\/\/api.w.org\/{rel}","templated":true}]}}