
{"id":48053,"date":"2024-02-04T15:11:28","date_gmt":"2024-02-04T14:11:28","guid":{"rendered":"https:\/\/animap.ch\/?page_id=48053"},"modified":"2024-02-04T15:24:48","modified_gmt":"2024-02-04T14:24:48","slug":"corona","status":"publish","type":"page","link":"https:\/\/animap.ch\/fr\/corona\/","title":{"rendered":"De quoi s&rsquo;agit-il?"},"content":{"rendered":"<p style=\"text-align: left;\"><a href=\"https:\/\/animap.ch\/wp-content\/uploads\/2023\/01\/landscape-g0167aac06_640.jpg\"><img loading=\"lazy\" decoding=\"async\" class=\"alignleft wp-image-45523 size-medium\" src=\"https:\/\/animap.fr\/wp-content\/uploads\/2023\/01\/landscape-g0167aac06_640-300x212-1.jpg\" alt=\"\" width=\"300\" height=\"212\" \/><\/a><strong>ANIMAP (ANti-IMpf-APartheid, en allemand &lsquo;Contre une apartheid vaccinal&rsquo;) est le portail professionnel pour nous, citoyens, qui s&rsquo;engageons pour une cohabitation bienveillante au lieu de la discrimination et de l&rsquo;exclusion de nos concitoyens. La soi-disant \u00ab\u00a0crise de Corona\u00a0\u00bb nous a appris qu&rsquo;il vaut mieux observer consciemment plut\u00f4t que de soutenir sans critique les mesures parfois m\u00e9prisantes de la politique.<\/strong><\/p>\n<p>ANIMAP a \u00e9t\u00e9 cr\u00e9\u00e9e en f\u00e9vrier 2021, apr\u00e8s que les gouvernements du monde entier ont mis\u00e9 sur les nouvelles injections d&rsquo;ARNm et le certificat Covid pour lutter contre la pr\u00e9tendue pand\u00e9mie. Dans certains pays, on est m\u00eame all\u00e9 jusqu&rsquo;\u00e0 vouloir imposer la \u00ab\u00a0vaccination\u00a0\u00bb aux gens par une loi. Ceux qui n&rsquo;ont pas jou\u00e9 le jeu ont \u00e9t\u00e9 en grande partie exclus de la vie sociale ou ont m\u00eame perdu leur emploi, <strong><span class=\"tm7\">comme les pompiers et les soignants fran\u00e7ais, suspendus depuis Septembre 2021. <\/span><\/strong><span class=\"tm6\">Aujourd&rsquo;hui encore, la compagnie a\u00e9rienne \u00ab\u00a0SWISS\u00a0\u00bb en Suisse impose au personnel navigant une vaccination obligatoire contre le Covid. Cela n&rsquo;est pas seulement contraire \u00e0 la raison, mais aussi aux droits de l&rsquo;homme en vigueur dans le monde entier, qui devraient \u00e9galement prot\u00e9ger l&rsquo;int\u00e9grit\u00e9 physique et donc notre sant\u00e9 r\u00e9elle.<\/span><\/p>\n<p>M\u00eame si Corona semble avoir perdu son caract\u00e8re effrayant, du moins pour le moment, le credo d&rsquo;ANIMAP et de ses participants reste inchang\u00e9 : Nous ne discriminons personne et traitons nos concitoyens avec respect et dignit\u00e9. Nous restons vigilants et critiques envers tout ce qui menace notre libert\u00e9 et notre ind\u00e9pendance.<\/p>\n","protected":false},"excerpt":{"rendered":"<p>ANIMAP (ANti-IMpf-APartheid, en allemand &lsquo;Contre une apartheid vaccinal&rsquo;) est le portail professionnel pour nous, citoyens, qui s&rsquo;engageons pour une cohabitation bienveillante au lieu de la discrimination et de l&rsquo;exclusion de nos concitoyens. La soi-disant \u00ab\u00a0crise de Corona\u00a0\u00bb nous a appris qu&rsquo;il vaut mieux observer consciemment plut\u00f4t que de soutenir sans critique les mesures parfois m\u00e9prisantes &#8230; <a href=\"https:\/\/animap.ch\/fr\/corona\/\" class=\"more-link\">Continue Reading &#187; <span class=\"screen-reader-text\"> about  De quoi s&rsquo;agit-il?<\/span><\/a><\/p>\n","protected":false},"author":1451,"featured_media":0,"parent":0,"menu_order":0,"comment_status":"closed","ping_status":"closed","template":"","meta":{"_genesis_hide_title":false,"_genesis_hide_breadcrumbs":false,"_genesis_hide_singular_image":false,"_genesis_hide_footer_widgets":false,"_genesis_custom_body_class":"","_genesis_custom_post_class":"","_genesis_layout":"","footnotes":""},"class_list":{"0":"post-48053","1":"page","2":"type-page","3":"status-publish","5":"entry"},"_links":{"self":[{"href":"https:\/\/animap.ch\/fr\/wp-json\/wp\/v2\/pages\/48053","targetHints":{"allow":["GET"]}}],"collection":[{"href":"https:\/\/animap.ch\/fr\/wp-json\/wp\/v2\/pages"}],"about":[{"href":"https:\/\/animap.ch\/fr\/wp-json\/wp\/v2\/types\/page"}],"author":[{"embeddable":true,"href":"https:\/\/animap.ch\/fr\/wp-json\/wp\/v2\/users\/1451"}],"replies":[{"embeddable":true,"href":"https:\/\/animap.ch\/fr\/wp-json\/wp\/v2\/comments?post=48053"}],"version-history":[{"count":2,"href":"https:\/\/animap.ch\/fr\/wp-json\/wp\/v2\/pages\/48053\/revisions"}],"predecessor-version":[{"id":48066,"href":"https:\/\/animap.ch\/fr\/wp-json\/wp\/v2\/pages\/48053\/revisions\/48066"}],"wp:attachment":[{"href":"https:\/\/animap.ch\/fr\/wp-json\/wp\/v2\/media?parent=48053"}],"curies":[{"name":"wp","href":"https:\/\/api.w.org\/{rel}","templated":true}]}}