
{"id":8627,"date":"2021-05-24T21:46:37","date_gmt":"2021-05-24T19:46:37","guid":{"rendered":"https:\/\/animap.ch\/?page_id=8627"},"modified":"2021-05-24T21:46:37","modified_gmt":"2021-05-24T19:46:37","slug":"account-geloescht","status":"publish","type":"page","link":"https:\/\/animap.ch\/fr\/account-geloescht\/","title":{"rendered":"Account gel\u00f6scht"},"content":{"rendered":"<p>Ihr Account wurde gem\u00e4ss der Europ\u00e4ischen Datenschutzverordnung gel\u00f6scht. Wenn Sie wiederkommen m\u00f6chten, tragen Sie sich erneut ein.<\/p>\n<p><strong>Vielen Dank, dass Sie ANIMAP genutzt haben!!!<\/strong><\/p>\n","protected":false},"excerpt":{"rendered":"<p>Ihr Account wurde gem\u00e4ss der Europ\u00e4ischen Datenschutzverordnung gel\u00f6scht. Wenn Sie wiederkommen m\u00f6chten, tragen Sie sich erneut ein. Vielen Dank, dass Sie ANIMAP genutzt haben!!!<\/p>\n","protected":false},"author":1,"featured_media":0,"parent":0,"menu_order":0,"comment_status":"closed","ping_status":"closed","template":"","meta":{"_genesis_hide_title":false,"_genesis_hide_breadcrumbs":false,"_genesis_hide_singular_image":false,"_genesis_hide_footer_widgets":false,"_genesis_custom_body_class":"","_genesis_custom_post_class":"","_genesis_layout":"","footnotes":""},"class_list":{"0":"post-8627","1":"page","2":"type-page","3":"status-publish","5":"entry"},"_links":{"self":[{"href":"https:\/\/animap.ch\/fr\/wp-json\/wp\/v2\/pages\/8627","targetHints":{"allow":["GET"]}}],"collection":[{"href":"https:\/\/animap.ch\/fr\/wp-json\/wp\/v2\/pages"}],"about":[{"href":"https:\/\/animap.ch\/fr\/wp-json\/wp\/v2\/types\/page"}],"author":[{"embeddable":true,"href":"https:\/\/animap.ch\/fr\/wp-json\/wp\/v2\/users\/1"}],"replies":[{"embeddable":true,"href":"https:\/\/animap.ch\/fr\/wp-json\/wp\/v2\/comments?post=8627"}],"version-history":[{"count":1,"href":"https:\/\/animap.ch\/fr\/wp-json\/wp\/v2\/pages\/8627\/revisions"}],"predecessor-version":[{"id":8629,"href":"https:\/\/animap.ch\/fr\/wp-json\/wp\/v2\/pages\/8627\/revisions\/8629"}],"wp:attachment":[{"href":"https:\/\/animap.ch\/fr\/wp-json\/wp\/v2\/media?parent=8627"}],"curies":[{"name":"wp","href":"https:\/\/api.w.org\/{rel}","templated":true}]}}