
{"id":17382,"date":"2021-08-20T12:51:53","date_gmt":"2021-08-20T10:51:53","guid":{"rendered":"https:\/\/animap.ch\/?page_id=17382"},"modified":"2025-12-08T21:06:35","modified_gmt":"2025-12-08T20:06:35","slug":"donazione","status":"publish","type":"page","link":"https:\/\/animap.ch\/it\/donazione\/","title":{"rendered":"Donazione"},"content":{"rendered":"<p><img loading=\"lazy\" decoding=\"async\" class=\"alignleft size-medium wp-image-125\" src=\"https:\/\/animap.ch\/wp-content\/uploads\/2021\/02\/guitar-case-485112_1280-300x200.jpg\" alt=\"\" width=\"300\" height=\"200\" srcset=\"https:\/\/animap.ch\/wp-content\/uploads\/2021\/02\/guitar-case-485112_1280-300x200.jpg 300w, https:\/\/animap.ch\/wp-content\/uploads\/2021\/02\/guitar-case-485112_1280-1024x682.jpg 1024w, https:\/\/animap.ch\/wp-content\/uploads\/2021\/02\/guitar-case-485112_1280-768x512.jpg 768w, https:\/\/animap.ch\/wp-content\/uploads\/2021\/02\/guitar-case-485112_1280.jpg 1280w\" sizes=\"auto, (max-width: 300px) 100vw, 300px\" \/>L&#8217;idea di <strong>ANIMAP<\/strong> \u00e8 nata dalla situazione attuale, che ci occuper\u00e0 e sfider\u00e0 sempre di pi\u00f9 nel prossimo futuro. ANIMAP \u00e8 la risposta logica alla divisione sempre pi\u00f9 marcata della nostra societ\u00e0, tra vaccinati e non vaccinati.<br \/>\nCi battiamo per il fatto che tutte le persone hanno gli stessi diritti, che siano vaccinate o no, e quindi ci sosteniamo a vicenda..<\/p>\n<p>Dall&#8217;idea \u00e8 stato sviluppato un concetto, che \u00e8 stato successivamente realizzato da mani diligenti e competenti di programmazione in un tempo molto breve. ANIMAP \u00e8 &#8220;in progresso&#8221; e sar\u00e0 costantemente sviluppato e migliorato. Per le funzioni che non sono (ancora) disponibili per voi, vi chiediamo un po&#8217; di pazienza.<\/p>\n<p><strong>ANIMAP<\/strong> \u00e8 orientato al non profit. Il concetto, la programmazione e l&#8217;ulteriore sviluppo dell&#8217;elenco di imprese sono fatti su base volontaria. Al fine di rifinanziare i costi di sviluppo e di coprire i costi per l&#8217;ulteriore sviluppo e i costi operativi, siamo molto grati per qualsiasi sostegno finanziario..<\/p>\n<p><span style=\"color: #ff0000;\"><strong>ANIMAP \u00e8 gestito dal dicembre 2025 da <a href=\"https:\/\/safeblood.org\/?source=animapch\" target=\"_blank\" rel=\"noopener\">SafeBlood Donation<\/a> a Zurigo.<\/strong><\/span><\/p>\n<p>Il tuo contributo, a tua libera discrezione, ci raggiunge<\/p>\n<p><strong>Tramite bonifico bancario:<\/strong><\/p>\n<p><span style=\"color: #ff0000;\"><strong>BONIFICO BANCARIO:<\/strong><br \/>\n<\/span>Il nostro conto presso PostFinance per bonifici \u00e8<\/p>\n<p><strong>CH96 0900 0000 1586 7596 5<\/strong><br \/>\nAssociazione SafeBlood, Ankenweid 29, 8041 Zurigo<\/p>\n<p>Per i pagamenti dall\u2019estero \u00e8 necessario inoltre il seguente codice BIC (SWIFT):<br \/>\nPOFICHBEXXX<br \/>\nPostFinance SA, Mingerstrasse 20, CH-3030 Berna, Svizzera<\/p>\n<p><a href=\"https:\/\/safeblood.org\/wp-content\/uploads\/2024\/02\/QR-code-postfinance.jpg\"><img loading=\"lazy\" decoding=\"async\" class=\"alignleft size-thumbnail wp-image-73974\" src=\"https:\/\/safeblood.org\/wp-content\/uploads\/2024\/02\/QR-code-postfinance-150x150.jpg\" alt=\"\" width=\"150\" height=\"150\" \/><\/a><\/p>\n<p>Si prega di indicare la seguente causale per ogni bonifico sul conto postale:<br \/>\n<strong>Causale: ANIMAP<\/strong><\/p>\n<hr \/>\n<p class=\"p1\"><span style=\"color: #ff0000;\"><strong>PAYPAL:<\/strong><\/span>Per effettuare un bonifico con PayPal, clicca sul pulsante \u00abDona\u00bb oppure scannerizza il codice QR con l\u2019app PayPal, oppure invia direttamente all\u2019indirizzo e-mail <a href=\"mailto:spenden@animap.ch\">spenden@animap.ch<\/a>.<\/p>\n<p><a href=\"https:\/\/safeblood.org\/wp-content\/uploads\/2025\/07\/qrcode.png\"><img loading=\"lazy\" decoding=\"async\" class=\"alignleft size-thumbnail wp-image-80095\" src=\"https:\/\/safeblood.org\/wp-content\/uploads\/2025\/07\/qrcode-150x150.png\" alt=\"\" width=\"150\" height=\"150\" \/><\/a><\/p>\n<p>&nbsp;<\/p>\n<p>&nbsp;<\/p>\n<hr \/>\n<p><span style=\"color: #ff0000;\"><strong>BITCOIN:<\/strong><\/span>Il nostro indirizzo per bonifici in Bitcoin \u00e8:<\/p>\n<p><img loading=\"lazy\" decoding=\"async\" class=\"alignleft wp-image-69880\" src=\"https:\/\/safeblood.ch\/wp-content\/uploads\/2023\/04\/download.png\" alt=\"\" width=\"207\" height=\"207\" \/><\/p>\n<p><strong>bc1q786u8x2mhu03utewejpq45tnjrqck3shvpn7le<\/strong><\/p>\n<p>In caso di pagamento in Bitcoin, ti chiediamo di inviarci una <a href=\"mailto:george@safeblood.net\" target=\"_blank\" rel=\"noopener\">e-mail<\/a> indicando l\u2019importo, la data, il tuo nome e la causale.<\/p>\n<hr \/>\n<p>&nbsp;<\/p>\n","protected":false},"excerpt":{"rendered":"<p>L&#8217;idea di ANIMAP \u00e8 nata dalla situazione attuale, che ci occuper\u00e0 e sfider\u00e0 sempre di pi\u00f9 nel prossimo futuro. ANIMAP \u00e8 la risposta logica alla divisione sempre pi\u00f9 marcata della nostra societ\u00e0, tra vaccinati e non vaccinati. Ci battiamo per il fatto che tutte le persone hanno gli stessi diritti, che siano vaccinate o no, &#8230; <a href=\"https:\/\/animap.ch\/it\/donazione\/\" class=\"more-link\">Continue Reading &#187; <span class=\"screen-reader-text\"> about  Donazione<\/span><\/a><\/p>\n","protected":false},"author":1451,"featured_media":0,"parent":0,"menu_order":0,"comment_status":"closed","ping_status":"closed","template":"","meta":{"_genesis_hide_title":false,"_genesis_hide_breadcrumbs":false,"_genesis_hide_singular_image":false,"_genesis_hide_footer_widgets":false,"_genesis_custom_body_class":"","_genesis_custom_post_class":"","_genesis_layout":"","footnotes":""},"class_list":{"0":"post-17382","1":"page","2":"type-page","3":"status-publish","5":"entry"},"_links":{"self":[{"href":"https:\/\/animap.ch\/it\/wp-json\/wp\/v2\/pages\/17382","targetHints":{"allow":["GET"]}}],"collection":[{"href":"https:\/\/animap.ch\/it\/wp-json\/wp\/v2\/pages"}],"about":[{"href":"https:\/\/animap.ch\/it\/wp-json\/wp\/v2\/types\/page"}],"author":[{"embeddable":true,"href":"https:\/\/animap.ch\/it\/wp-json\/wp\/v2\/users\/1451"}],"replies":[{"embeddable":true,"href":"https:\/\/animap.ch\/it\/wp-json\/wp\/v2\/comments?post=17382"}],"version-history":[{"count":2,"href":"https:\/\/animap.ch\/it\/wp-json\/wp\/v2\/pages\/17382\/revisions"}],"predecessor-version":[{"id":61018,"href":"https:\/\/animap.ch\/it\/wp-json\/wp\/v2\/pages\/17382\/revisions\/61018"}],"wp:attachment":[{"href":"https:\/\/animap.ch\/it\/wp-json\/wp\/v2\/media?parent=17382"}],"curies":[{"name":"wp","href":"https:\/\/api.w.org\/{rel}","templated":true}]}}