
{"id":4516,"date":"2021-04-03T22:08:35","date_gmt":"2021-04-03T20:08:35","guid":{"rendered":"https:\/\/animap.ch\/?page_id=4516"},"modified":"2021-04-07T15:05:40","modified_gmt":"2021-04-07T13:05:40","slug":"registra-lazienda","status":"publish","type":"page","link":"https:\/\/animap.ch\/it\/registra-lazienda\/","title":{"rendered":"Registra l&#8217;azienda"},"content":{"rendered":"<div role=\"form\" class=\"wpcf7\" id=\"wpcf7-f4514-o1\" lang=\"de-CH\" dir=\"ltr\">\n<div class=\"screen-reader-response\"><p role=\"status\" aria-live=\"polite\" aria-atomic=\"true\"><\/p> <ul><\/ul><\/div>\n<form action=\"\/it\/wp-json\/wp\/v2\/pages\/4516#wpcf7-f4514-o1\" method=\"post\" class=\"wpcf7-form init\" enctype=\"multipart\/form-data\" novalidate=\"novalidate\" data-status=\"init\">\n<div style=\"display: none;\">\n<input type=\"hidden\" name=\"_wpcf7\" value=\"4514\" \/>\n<input type=\"hidden\" name=\"_wpcf7_version\" value=\"5.3.2\" \/>\n<input type=\"hidden\" name=\"_wpcf7_locale\" value=\"de_CH\" \/>\n<input type=\"hidden\" name=\"_wpcf7_unit_tag\" value=\"wpcf7-f4514-o1\" \/>\n<input type=\"hidden\" name=\"_wpcf7_container_post\" value=\"0\" \/>\n<input type=\"hidden\" name=\"_wpcf7_posted_data_hash\" value=\"\" \/>\n<\/div>\n<p><label>azienda<br \/>\n    <span class=\"wpcf7-form-control-wrap business_name\"><input type=\"text\" name=\"business_name\" value=\"\" size=\"40\" class=\"wpcf7-form-control wpcf7-text wpcf7-validates-as-required\" aria-required=\"true\" aria-invalid=\"false\" placeholder=\"Company\" \/><\/span> <\/label><\/p>\n<p><label>descrizione<br \/>\n    <span class=\"wpcf7-form-control-wrap description\"><textarea name=\"description\" cols=\"40\" rows=\"10\" class=\"wpcf7-form-control wpcf7-textarea wpcf7-validates-as-required\" aria-required=\"true\" aria-invalid=\"false\"><\/textarea><\/span> <\/label><\/p>\n<p><label> industria<br \/>\n    <select  name='animap_cat' id='animap_cat' class='postform'>\n\t<option class=\"level-0\" value=\"157\">Altri<\/option>\n\t<option class=\"level-0\" value=\"206\">Auto, bicicletta e trasporto<\/option>\n\t<option class=\"level-0\" value=\"207\">Informatica e telecomunicazioni<\/option>\n\t<option class=\"level-0\" value=\"208\">Servizio<\/option>\n\t<option class=\"level-0\" value=\"209\">Finanza, assicurazione e diritto<\/option>\n\t<option class=\"level-0\" value=\"210\">Gastronomia<\/option>\n\t<option class=\"level-0\" value=\"211\">Commercio<\/option>\n\t<option class=\"level-0\" value=\"212\">Artigianato<\/option>\n\t<option class=\"level-0\" value=\"213\">Casa, giardino e costruzione<\/option>\n\t<option class=\"level-0\" value=\"214\">Industria ed economia<\/option>\n\t<option class=\"level-0\" value=\"215\">Arte e cultura<\/option>\n\t<option class=\"level-0\" value=\"216\">comunicazione<\/option>\n\t<option class=\"level-0\" value=\"217\">Viaggi e turismo<\/option>\n\t<option class=\"level-0\" value=\"218\">Scuola e istruzione<\/option>\n\t<option class=\"level-0\" value=\"219\">Sport e tempo libero<\/option>\n\t<option class=\"level-0\" value=\"220\">Animali<\/option>\n\t<option class=\"level-0\" value=\"221\">Affitto e leasing<\/option>\n\t<option class=\"level-0\" value=\"222\">Medici, medicina e salute<\/option>\n\t<option class=\"level-1\" value=\"239\">&nbsp;&nbsp;&nbsp;dentista<\/option>\n\t<option class=\"level-1\" value=\"240\">&nbsp;&nbsp;&nbsp;esoterismo<\/option>\n\t<option class=\"level-1\" value=\"243\">&nbsp;&nbsp;&nbsp;Medicina alternativa<\/option>\n\t<option class=\"level-1\" value=\"245\">&nbsp;&nbsp;&nbsp;Medicina generale<\/option>\n\t<option class=\"level-1\" value=\"247\">&nbsp;&nbsp;&nbsp;Podologia<\/option>\n\t<option class=\"level-0\" value=\"223\">Istituzioni pubbliche e associazioni<\/option>\n<\/select>\n<\/label>.<\/p>\n<p><label> logo o immagine (caricare pi\u00f9 tardi non \u00e8 pi\u00f9 possibile)<br \/>\n   <span class=\"wpcf7-form-control-wrap logo-image\"><input type=\"file\" name=\"logo-image\" size=\"40\" class=\"wpcf7-form-control wpcf7-file\" accept=\".jpg,.png\" aria-invalid=\"false\" \/><\/span><\/label><\/p>\n<h3>Posizione<\/h3>\n<p><label> indirizzo\/numero civico<\/label><br \/>\n    <span class=\"wpcf7-form-control-wrap address\"><input type=\"text\" name=\"address\" value=\"\" size=\"40\" class=\"wpcf7-form-control wpcf7-text wpcf7-validates-as-required two\" aria-required=\"true\" aria-invalid=\"false\" placeholder=\"indirizzo\" \/><\/span><span class=\"wpcf7-form-control-wrap number\"><input type=\"text\" name=\"number\" value=\"\" size=\"40\" class=\"wpcf7-form-control wpcf7-text wpcf7-validates-as-required onesmall\" aria-required=\"true\" aria-invalid=\"false\" placeholder=\"numero civico\" \/><\/span> <\/p>\n<p><label> codice postale \/ citt\u00e0 <\/label><br \/>\n    <span class=\"wpcf7-form-control-wrap postcode\"><input type=\"text\" name=\"postcode\" value=\"\" size=\"40\" class=\"wpcf7-form-control wpcf7-text wpcf7-validates-as-required onesmall\" aria-required=\"true\" aria-invalid=\"false\" placeholder=\"codice postale\" \/><\/span><span class=\"wpcf7-form-control-wrap town\"><input type=\"text\" name=\"town\" value=\"\" size=\"40\" class=\"wpcf7-form-control wpcf7-text wpcf7-validates-as-required two\" aria-required=\"true\" aria-invalid=\"false\" placeholder=\"citt\u00e0\" \/><\/span><\/p>\n<h3>Altre informazioni di contatto<\/h3>\n<p>.<\/p>\n<p><label> cognome \/ nome (non sar\u00e0 pubblicato)<\/label><br \/>\n    <span class=\"wpcf7-form-control-wrap lastname\"><input type=\"text\" name=\"lastname\" value=\"\" size=\"40\" class=\"wpcf7-form-control wpcf7-text wpcf7-validates-as-required two\" aria-required=\"true\" aria-invalid=\"false\" placeholder=\"cognome\" \/><\/span><span class=\"wpcf7-form-control-wrap firstname\"><input type=\"text\" name=\"firstname\" value=\"\" size=\"40\" class=\"wpcf7-form-control wpcf7-text wpcf7-validates-as-required two\" aria-required=\"true\" aria-invalid=\"false\" placeholder=\"nome\" \/><\/span><\/p>\n<p><label> telefono<br \/>\n    <span class=\"wpcf7-form-control-wrap phone\"><input type=\"tel\" name=\"phone\" value=\"\" size=\"40\" class=\"wpcf7-form-control wpcf7-text wpcf7-tel wpcf7-validates-as-tel\" aria-invalid=\"false\" placeholder=\"telefono\" \/><\/span> <\/label><\/p>\n<p><label> sito web<br \/>\n    <span class=\"wpcf7-form-control-wrap url\"><input type=\"url\" name=\"url\" value=\"sito web\" size=\"40\" class=\"wpcf7-form-control wpcf7-text wpcf7-url wpcf7-validates-as-url\" aria-invalid=\"false\" \/><\/span> <\/label><\/p>\n<p><label> email (per la corrispondenza).<br \/>\n    <span class=\"wpcf7-form-control-wrap email\"><input type=\"email\" name=\"email\" value=\"email\" size=\"40\" class=\"wpcf7-form-control wpcf7-text wpcf7-email wpcf7-validates-as-required wpcf7-validates-as-email\" aria-required=\"true\" aria-invalid=\"false\" \/><\/span> <\/label><\/p>\n<p>    \n    <style>\n    \n    \n    div.animap-borderBox {\n        \/* height: 100px; *\/\n        margin-top:25px;\n        margin-bottom:15px;\n        border: 2px solid darkgray;\n        text-transform: none;\n        padding-bottom:15px;\n        }\n    \n    div.animap-borderBox .animap-borderTitle {\n        width: 270px;\n        margin-top: -15px;\n        margin-left: 20px;\n        background: lightgray;\n        font-size: 20px;\n        text-align: center;\n        font-weight: bold;\n    }\n    \n    .animap-borderBox .animap-form-check-inline {\n        display: block;\n        width:100%;\n        padding-top:0px;\n    \n    }\n\n\n    <\/style>\n    \n                    <div class=\"animap-borderBox\">\n                          <p class=\"animap-borderTitle\">Pagamento in contanti<\/p>\n                          <div class=\"\">\n                            <div class=\"animap-form-check-inline\">\n                                <label class=\"form-check-label\"><input class=\"form-check-input\" type=\"checkbox\" name=\"cash_with_joy\" value=\"yes\"  >Accettiamo volentieri i pagamenti in contanti!<\/label>\n                            <\/div>\n                            <div class=\"animap-form-check-inline\">\n    <label class=\"form-check-label\"><input class=\"form-check-input\" type=\"checkbox\" name=\"cash_with_discount\"  value=\"yes\"  >Sconti per i pagamenti in contanti.<\/label>\n                            <\/div>\n                          <\/div>\n                    <\/div>\n    \n    <\/p>\n<p><label> impostazione della pubblicazione <\/label><br \/>\n<span class=\"wpcf7-form-control-wrap public\"><span class=\"wpcf7-form-control wpcf7-checkbox\"><span class=\"wpcf7-list-item first\"><label><input type=\"checkbox\" name=\"public[]\" value=\"email visibile\" \/><span class=\"wpcf7-list-item-label\">email visibile<\/span><\/label><\/span><span class=\"wpcf7-list-item\"><label><input type=\"checkbox\" name=\"public[]\" value=\"sito web visibile\" \/><span class=\"wpcf7-list-item-label\">sito web visibile<\/span><\/label><\/span><span class=\"wpcf7-list-item last\"><label><input type=\"checkbox\" name=\"public[]\" value=\"numero di telefono visibile\" \/><span class=\"wpcf7-list-item-label\">numero di telefono visibile<\/span><\/label><\/span><\/span><\/span><\/p>\n<p><span class=\"wpcf7-form-control-wrap checkbox-ani\"><span class=\"wpcf7-form-control wpcf7-checkbox wpcf7-validates-as-required\"><span class=\"wpcf7-list-item first last\"><label><input type=\"checkbox\" name=\"checkbox-ani[]\" value=\"Con la mia iscrizione su ANIMAP, protesto contro la gestione di Corona da parte del governo svizzero e in particolare l&#039;uso del certificato COVID. Eseguo qualsiasi controllo dei certificati solo sotto costrizione e contro la mia libera volont\u00e0.\" \/><span class=\"wpcf7-list-item-label\">Con la mia iscrizione su ANIMAP, protesto contro la gestione di Corona da parte del governo svizzero e in particolare l&#039;uso del certificato COVID. Eseguo qualsiasi controllo dei certificati solo sotto costrizione e contro la mia libera volont\u00e0.<\/span><\/label><\/span><\/span><\/span><\/p>\n<p><span class=\"wpcf7-form-control-wrap kc_captcha\"><span class=\"wpcf7-form-control wpcf7-radio\"> \n    <span class=\"captcha-image\" >\n        <span class=\"cf7ic_instructions\">Prova che sei umano selezionando l'icona corrispondente a<span> Tazza<\/span>.<\/span><label><input type=\"radio\" name=\"kc_captcha\" value=\"bot\" \/><svg width=\"50px\" height=\"50px\" aria-hidden=\"true\" role=\"img\" xmlns=\"http:\/\/www.w3.org\/2000\/svg\" viewBox=\"0 0 576 512\"><path fill=\"currentColor\" d=\"M259.3 17.8L194 150.2 47.9 171.5c-26.2 3.8-36.7 36.1-17.7 54.6l105.7 103-25 145.5c-4.5 26.3 23.2 46 46.4 33.7L288 439.6l130.7 68.7c23.2 12.2 50.9-7.4 46.4-33.7l-25-145.5 105.7-103c19-18.5 8.5-50.8-17.7-54.6L382 150.2 316.7 17.8c-11.7-23.6-45.6-23.9-57.4 0z\"><\/path><\/svg><\/label><label><input type=\"radio\" name=\"kc_captcha\" value=\"kc_human\" \/><svg width=\"50px\" height=\"50px\" aria-hidden=\"true\" role=\"img\" xmlns=\"http:\/\/www.w3.org\/2000\/svg\" viewBox=\"0 0 640 512\"><path fill=\"currentColor\" d=\"M192 384h192c53 0 96-43 96-96h32c70.6 0 128-57.4 128-128S582.6 32 512 32H120c-13.3 0-24 10.7-24 24v232c0 53 43 96 96 96zM512 96c35.3 0 64 28.7 64 64s-28.7 64-64 64h-32V96h32zm47.7 384H48.3c-47.6 0-61-64-36-64h583.3c25 0 11.8 64-35.9 64z\"><\/path><\/svg><\/label><label><input type=\"radio\" name=\"kc_captcha\" value=\"bot\" \/><svg width=\"50px\" height=\"50px\" aria-hidden=\"true\" role=\"img\" xmlns=\"http:\/\/www.w3.org\/2000\/svg\" viewBox=\"0 0 576 512\"><path fill=\"currentColor\" d=\"M472 200H360.211L256.013 5.711A12 12 0 0 0 245.793 0h-57.787c-7.85 0-13.586 7.413-11.616 15.011L209.624 200H99.766l-34.904-58.174A12 12 0 0 0 54.572 136H12.004c-7.572 0-13.252 6.928-11.767 14.353l21.129 105.648L.237 361.646c-1.485 7.426 4.195 14.354 11.768 14.353l42.568-.002c4.215 0 8.121-2.212 10.289-5.826L99.766 312h109.858L176.39 496.989c-1.97 7.599 3.766 15.011 11.616 15.011h57.787a12 12 0 0 0 10.22-5.711L360.212 312H472c57.438 0 104-25.072 104-56s-46.562-56-104-56z\"><\/path><\/svg><\/label>\n    <\/span>\n    <span style=\"display:none\">\n        <input type=\"text\" name=\"kc_honeypot\">\n    <\/span><\/span><\/span><\/p>\n<p><input type=\"submit\" value=\"Invia voce\" class=\"wpcf7-form-control wpcf7-submit\" \/><\/p>\n<div class=\"wpcf7-response-output\" aria-hidden=\"true\"><\/div><\/form><\/div>\n","protected":false},"excerpt":{"rendered":"","protected":false},"author":1,"featured_media":0,"parent":0,"menu_order":0,"comment_status":"closed","ping_status":"closed","template":"","meta":{"_genesis_hide_title":false,"_genesis_hide_breadcrumbs":false,"_genesis_hide_singular_image":false,"_genesis_hide_footer_widgets":false,"_genesis_custom_body_class":"","_genesis_custom_post_class":"","_genesis_layout":"","footnotes":""},"class_list":{"0":"post-4516","1":"page","2":"type-page","3":"status-publish","5":"entry"},"_links":{"self":[{"href":"https:\/\/animap.ch\/it\/wp-json\/wp\/v2\/pages\/4516","targetHints":{"allow":["GET"]}}],"collection":[{"href":"https:\/\/animap.ch\/it\/wp-json\/wp\/v2\/pages"}],"about":[{"href":"https:\/\/animap.ch\/it\/wp-json\/wp\/v2\/types\/page"}],"author":[{"embeddable":true,"href":"https:\/\/animap.ch\/it\/wp-json\/wp\/v2\/users\/1"}],"replies":[{"embeddable":true,"href":"https:\/\/animap.ch\/it\/wp-json\/wp\/v2\/comments?post=4516"}],"version-history":[{"count":1,"href":"https:\/\/animap.ch\/it\/wp-json\/wp\/v2\/pages\/4516\/revisions"}],"predecessor-version":[{"id":4517,"href":"https:\/\/animap.ch\/it\/wp-json\/wp\/v2\/pages\/4516\/revisions\/4517"}],"wp:attachment":[{"href":"https:\/\/animap.ch\/it\/wp-json\/wp\/v2\/media?parent=4516"}],"curies":[{"name":"wp","href":"https:\/\/api.w.org\/{rel}","templated":true}]}}