
{"id":48061,"date":"2024-02-04T15:21:02","date_gmt":"2024-02-04T14:21:02","guid":{"rendered":"https:\/\/animap.ch\/?page_id=48061"},"modified":"2024-02-04T15:24:01","modified_gmt":"2024-02-04T14:24:01","slug":"corona","status":"publish","type":"page","link":"https:\/\/animap.ch\/it\/corona\/","title":{"rendered":"Di cosa si tratta?"},"content":{"rendered":"<p style=\"text-align: left;\"><a href=\"https:\/\/animap.ch\/wp-content\/uploads\/2023\/01\/landscape-g0167aac06_640.jpg\"><img loading=\"lazy\" decoding=\"async\" class=\"alignleft wp-image-45523 size-medium\" src=\"https:\/\/animap.ch\/wp-content\/uploads\/2023\/01\/landscape-g0167aac06_640-300x212.jpg\" alt=\"\" width=\"300\" height=\"212\" srcset=\"https:\/\/animap.ch\/wp-content\/uploads\/2023\/01\/landscape-g0167aac06_640-300x212.jpg 300w, https:\/\/animap.ch\/wp-content\/uploads\/2023\/01\/landscape-g0167aac06_640.jpg 640w\" sizes=\"auto, (max-width: 300px) 100vw, 300px\" \/><\/a><strong>ANIMAP (ANti-IMpf-APartheid, in tedesco contro un apartheid vaccinale) \u00e8 il portale di settore per noi che ci impegniamo ad amare l&#8217;unione invece della discriminazione e dell&#8217;esclusione dei nostri simili La cosiddetta &#8220;crisi del corona&#8221; ci ha insegnato che \u00e8 meglio avere uno sguardo consapevole invece di sostenere acriticamente le misure talvolta disumane prese dai politici.<\/strong><\/p>\n<p>ANIMAP \u00e8 stata fondata nel febbraio 2021 dopo che i governi di tutto il mondo si erano affidati alle iniezioni di mRNA e al certificato Covid per combattere la presunta pandemia. In alcuni Paesi si \u00e8 arrivati persino a imporre per legge la &#8220;vaccinazione&#8221; alle persone. Chi non stava al gioco veniva escluso dalla vita sociale o addirittura perdeva il lavoro. Ancora oggi, la compagnia aerea &#8220;SWISS&#8221; ha reso obbligatoria la vaccinazione Covid per il personale di volo. Questo non solo \u00e8 contro ogni buon senso, ma contraddice anche i diritti umani applicabili a livello globale, che dovrebbero proteggere anche l&#8217;integrit\u00e0 fisica e quindi la nostra stessa salute.<\/p>\n<p>Anche se corona sembra aver perso il suo orrore, almeno per il momento, il credo dell&#8217;ANIMAP e dei suoi partecipanti rimane lo stesso: Non discriminiamo nessuno e trattiamo i nostri simili con rispetto e dignit\u00e0. Rimaniamo vigili e critici nei confronti di tutto ci\u00f2 che mette a repentaglio la nostra libert\u00e0 e indipendenza..<\/p>\n","protected":false},"excerpt":{"rendered":"<p>ANIMAP (ANti-IMpf-APartheid, in tedesco contro un apartheid vaccinale) \u00e8 il portale di settore per noi che ci impegniamo ad amare l&#8217;unione invece della discriminazione e dell&#8217;esclusione dei nostri simili La cosiddetta &#8220;crisi del corona&#8221; ci ha insegnato che \u00e8 meglio avere uno sguardo consapevole invece di sostenere acriticamente le misure talvolta disumane prese dai politici. &#8230; <a href=\"https:\/\/animap.ch\/it\/corona\/\" class=\"more-link\">Continue Reading &#187; <span class=\"screen-reader-text\"> about  Di cosa si tratta?<\/span><\/a><\/p>\n","protected":false},"author":1451,"featured_media":0,"parent":0,"menu_order":0,"comment_status":"closed","ping_status":"closed","template":"","meta":{"_genesis_hide_title":false,"_genesis_hide_breadcrumbs":false,"_genesis_hide_singular_image":false,"_genesis_hide_footer_widgets":false,"_genesis_custom_body_class":"","_genesis_custom_post_class":"","_genesis_layout":"","footnotes":""},"class_list":{"0":"post-48061","1":"page","2":"type-page","3":"status-publish","5":"entry"},"_links":{"self":[{"href":"https:\/\/animap.ch\/it\/wp-json\/wp\/v2\/pages\/48061","targetHints":{"allow":["GET"]}}],"collection":[{"href":"https:\/\/animap.ch\/it\/wp-json\/wp\/v2\/pages"}],"about":[{"href":"https:\/\/animap.ch\/it\/wp-json\/wp\/v2\/types\/page"}],"author":[{"embeddable":true,"href":"https:\/\/animap.ch\/it\/wp-json\/wp\/v2\/users\/1451"}],"replies":[{"embeddable":true,"href":"https:\/\/animap.ch\/it\/wp-json\/wp\/v2\/comments?post=48061"}],"version-history":[{"count":3,"href":"https:\/\/animap.ch\/it\/wp-json\/wp\/v2\/pages\/48061\/revisions"}],"predecessor-version":[{"id":48065,"href":"https:\/\/animap.ch\/it\/wp-json\/wp\/v2\/pages\/48061\/revisions\/48065"}],"wp:attachment":[{"href":"https:\/\/animap.ch\/it\/wp-json\/wp\/v2\/media?parent=48061"}],"curies":[{"name":"wp","href":"https:\/\/api.w.org\/{rel}","templated":true}]}}