
{"id":8875,"date":"2021-05-26T09:56:56","date_gmt":"2021-05-26T07:56:56","guid":{"rendered":"https:\/\/animap.ch\/?page_id=8875"},"modified":"2021-05-26T09:56:56","modified_gmt":"2021-05-26T07:56:56","slug":"confirm","status":"publish","type":"page","link":"https:\/\/animap.ch\/it\/confirm\/","title":{"rendered":"E-Mail-Adresse wurde best\u00e4tigt"},"content":{"rendered":"<p>\ud83c\udde9\ud83c\uddea Herzlichen Dank f\u00fcr die Best\u00e4tigung Ihrer E-Mail-Adresse. Bis zur Freischaltung Ihres Eintrages bitten wir Sie um etwas Geduld. Vielen Dank.<\/p>\n<p>\ud83c\uddeb\ud83c\uddf7 Merci pour la confirmation de votre adresse e-mail. En raison de l&#8217;assurance qualit\u00e9, toutes les entr\u00e9es sont v\u00e9rifi\u00e9es manuellement. Il faut donc un certain temps avant que votre entr\u00e9e n&#8217;apparaisse sur la page.<\/p>\n<p>\ud83c\uddee\ud83c\uddf9 Grazie per aver confermato il tuo indirizzo e-mail. Ti chiediamo di avere pazienza fino a quando la tua iscrizione sar\u00e0 attivata. Grazie mille.<\/p>\n","protected":false},"excerpt":{"rendered":"<p>\ud83c\udde9\ud83c\uddea Herzlichen Dank f\u00fcr die Best\u00e4tigung Ihrer E-Mail-Adresse. Bis zur Freischaltung Ihres Eintrages bitten wir Sie um etwas Geduld. Vielen Dank. \ud83c\uddeb\ud83c\uddf7 Merci pour la confirmation de votre adresse e-mail. En raison de l&#8217;assurance qualit\u00e9, toutes les entr\u00e9es sont v\u00e9rifi\u00e9es manuellement. Il faut donc un certain temps avant que votre entr\u00e9e n&#8217;apparaisse sur la page. &#8230; <a href=\"https:\/\/animap.ch\/it\/confirm\/\" class=\"more-link\">Continue Reading &#187; <span class=\"screen-reader-text\"> about  E-Mail-Adresse wurde best\u00e4tigt<\/span><\/a><\/p>\n","protected":false},"author":1,"featured_media":0,"parent":0,"menu_order":0,"comment_status":"closed","ping_status":"closed","template":"","meta":{"_genesis_hide_title":false,"_genesis_hide_breadcrumbs":false,"_genesis_hide_singular_image":false,"_genesis_hide_footer_widgets":false,"_genesis_custom_body_class":"","_genesis_custom_post_class":"","_genesis_layout":"","footnotes":""},"class_list":{"0":"post-8875","1":"page","2":"type-page","3":"status-publish","5":"entry"},"_links":{"self":[{"href":"https:\/\/animap.ch\/it\/wp-json\/wp\/v2\/pages\/8875","targetHints":{"allow":["GET"]}}],"collection":[{"href":"https:\/\/animap.ch\/it\/wp-json\/wp\/v2\/pages"}],"about":[{"href":"https:\/\/animap.ch\/it\/wp-json\/wp\/v2\/types\/page"}],"author":[{"embeddable":true,"href":"https:\/\/animap.ch\/it\/wp-json\/wp\/v2\/users\/1"}],"replies":[{"embeddable":true,"href":"https:\/\/animap.ch\/it\/wp-json\/wp\/v2\/comments?post=8875"}],"version-history":[{"count":1,"href":"https:\/\/animap.ch\/it\/wp-json\/wp\/v2\/pages\/8875\/revisions"}],"predecessor-version":[{"id":8882,"href":"https:\/\/animap.ch\/it\/wp-json\/wp\/v2\/pages\/8875\/revisions\/8882"}],"wp:attachment":[{"href":"https:\/\/animap.ch\/it\/wp-json\/wp\/v2\/media?parent=8875"}],"curies":[{"name":"wp","href":"https:\/\/api.w.org\/{rel}","templated":true}]}}